{"id":778,"date":"2022-02-21T16:30:40","date_gmt":"2022-02-21T15:30:40","guid":{"rendered":"http:\/\/sd-kinesiologie.fr\/?page_id=778"},"modified":"2026-04-12T20:39:53","modified_gmt":"2026-04-12T18:39:53","slug":"ma-kinesiologie","status":"publish","type":"page","link":"https:\/\/sd-kinesiologie.fr\/?page_id=778","title":{"rendered":"Ma kin\u00e9siologie"},"content":{"rendered":"\n<div class=\"wp-block-group\"><div class=\"wp-block-group__inner-container is-layout-flow wp-block-group-is-layout-flow\">\n<div class=\"wp-block-columns are-vertically-aligned-bottom is-layout-flex wp-container-core-columns-is-layout-9d6595d7 wp-block-columns-is-layout-flex\">\n<div class=\"wp-block-column is-vertically-aligned-bottom is-layout-flow wp-block-column-is-layout-flow\" style=\"flex-basis:100%\">\n<p><\/p>\n\n\n\n<p class=\"has-medium-font-size\"><\/p>\n\n\n\n<div class=\"wp-block-media-text alignwide has-media-on-the-right is-stacked-on-mobile is-vertically-aligned-center\" style=\"grid-template-columns:auto 34%\"><div class=\"wp-block-media-text__content\">\n<p class=\"has-medium-font-size\"><\/p>\n\n\n\n<p class=\"has-text-color has-medium-font-size\" style=\"color:#0071a1\">Quels que soient les <strong>d\u00e9fis <\/strong>que la vie vous pr\u00e9sente, vous avez en vous les <strong>ressources <\/strong>pour y faire face. Lorsqu&rsquo;une situation vous semble <strong>bloqu\u00e9e<\/strong>, la kin\u00e9siologie vous permet de voir les choses sous un <strong>angle diff\u00e9rent<\/strong>, celui de votre <strong>subconscient<\/strong>, et de trouver ainsi des <strong>possibilit\u00e9s d&rsquo;action<\/strong> dont vous n&rsquo;aviez jusque l\u00e0 pas <strong>conscience<\/strong>&#8230;<\/p>\n\n\n\n<p class=\"has-text-color has-medium-font-size\" style=\"color:#0071a1\">Pour vous <strong>accompagner <\/strong>dans la recherche de <strong>votre solution<\/strong>, je vous propose diff\u00e9rentes approches, en fonction de votre objectif (Sant\u00e9 par le Toucher, 3en1, Brain Gym, Cr\u00e2nio-sacr\u00e9, Stress Release, EFT, PNL, Psychologie Positive, m\u00e9thode ESPERE de Jacques Salom\u00e9&#8230;)<\/p>\n<\/div><figure class=\"wp-block-media-text__media\"><img data-recalc-dims=\"1\" loading=\"lazy\" decoding=\"async\" width=\"960\" height=\"960\" src=\"https:\/\/i0.wp.com\/sd-kinesiologie.fr\/wp-content\/uploads\/2022\/02\/6847127d31df18469fa9133bcd15f1a1.jpg?resize=960%2C960\" alt=\"\" class=\"wp-image-815 size-large\" srcset=\"https:\/\/i0.wp.com\/sd-kinesiologie.fr\/wp-content\/uploads\/2022\/02\/6847127d31df18469fa9133bcd15f1a1.jpg?w=960&amp;ssl=1 960w, https:\/\/i0.wp.com\/sd-kinesiologie.fr\/wp-content\/uploads\/2022\/02\/6847127d31df18469fa9133bcd15f1a1.jpg?resize=300%2C300&amp;ssl=1 300w, https:\/\/i0.wp.com\/sd-kinesiologie.fr\/wp-content\/uploads\/2022\/02\/6847127d31df18469fa9133bcd15f1a1.jpg?resize=150%2C150&amp;ssl=1 150w, https:\/\/i0.wp.com\/sd-kinesiologie.fr\/wp-content\/uploads\/2022\/02\/6847127d31df18469fa9133bcd15f1a1.jpg?resize=768%2C768&amp;ssl=1 768w, https:\/\/i0.wp.com\/sd-kinesiologie.fr\/wp-content\/uploads\/2022\/02\/6847127d31df18469fa9133bcd15f1a1.jpg?resize=750%2C750&amp;ssl=1 750w\" sizes=\"auto, (max-width: 960px) 100vw, 960px\" \/><\/figure><\/div>\n\n\n\n<div style=\"height:40px\" aria-hidden=\"true\" class=\"wp-block-spacer\"><\/div>\n\n\n\n<div class=\"wp-block-buttons is-content-justification-center is-layout-flex wp-container-core-buttons-is-layout-16018d1d wp-block-buttons-is-layout-flex\">\n<div class=\"wp-block-button\"><a class=\"wp-block-button__link has-background wp-element-button\" href=\"http:\/\/sd-kinesiologie.fr\/?page_id=12\" style=\"background-color:#0071a1\">Prendre Rdv<\/a><\/div>\n<\/div>\n\n\n\n<hr class=\"wp-block-separator has-css-opacity is-style-wide\"\/>\n\n\n\n<div style=\"height:40px\" aria-hidden=\"true\" class=\"wp-block-spacer\"><\/div>\n<\/div>\n<\/div>\n<\/div><\/div>\n\n\n\n<p class=\"has-text-color\" style=\"color:#0071a1;font-size:23px\"><strong>Pour qui, Pour quoi ? <\/strong><\/p>\n\n\n\n<p class=\"has-text-color has-medium-font-size\" style=\"color:#0071a1\">La kin\u00e9siologie traque le <strong>stress inconscient<\/strong> qui nous emp\u00eache d\u2019acc\u00e9der \u00e0 notre capacit\u00e9 \u00e0 trouver des solutions. Et comme c\u2019est inconscient, comment savoir si elle peut nous aider ?<\/p>\n\n\n\n<p class=\"has-text-color has-medium-font-size\" style=\"color:#0071a1\">Ma conviction est que toute difficult\u00e9 que nous essayons de surmonter \u00e0 tout prix et qui pourtant n\u2019\u00e9volue pas, peut \u00eatre am\u00e9lior\u00e9e gr\u00e2ce \u00e0 la kin\u00e9siologie. Tout ce qui nous fait dire \u00ab&nbsp;<strong>j\u2019ai envie d\u2019aller mieux mais je n\u2019y arrive pas<\/strong>&nbsp;\u00bb, ou \u00ab<strong>&nbsp;j\u2019ai tout essay\u00e9 et j\u2019en suis toujours au m\u00eame stade<\/strong>&nbsp;\u00bb, ou encore \u00ab<strong>&nbsp;je ne comprends pas pourquoi j\u2019agis comme \u00e7a, c\u2019est plus fort que moi<\/strong>&nbsp;\u00bb\u2026<\/p>\n\n\n\n<p class=\"has-text-color has-medium-font-size\" style=\"color:#0071a1\">Tout ce qui d\u00e9passe notre raisonnement peut avoir juste besoin d\u2019<strong>\u00eatre vu sous un autre angle<\/strong> et soudain quelque chose s\u2019\u00e9claire et une nouvelle possibilit\u00e9 apparait. Ce n\u2019est pas toujours LA solution magique qui va tout arranger en claquant des doigts mais c\u2019est toujours une solution qui n\u2019avait jusque-l\u00e0 pas \u00e9t\u00e9 envisag\u00e9e et qui apporte donc de v\u00e9ritables changements.<\/p>\n\n\n\n<p class=\"has-text-color has-medium-font-size\" style=\"color:#0071a1\">Et comme les techniques utilis\u00e9es sont <strong>douces <\/strong>et <strong>non invasives<\/strong>, elles peuvent convenir \u00e0 tous&nbsp;: b\u00e9b\u00e9s, enfants, adolescents, adultes, s\u00e9niors.<\/p>\n\n\n\n<div style=\"height:20px\" aria-hidden=\"true\" class=\"wp-block-spacer\"><\/div>\n\n\n\n<hr class=\"wp-block-separator has-alpha-channel-opacity\"\/>\n\n\n\n<div style=\"height:20px\" aria-hidden=\"true\" class=\"wp-block-spacer\"><\/div>\n\n\n\n<div class=\"wp-block-group\"><div class=\"wp-block-group__inner-container is-layout-flow wp-block-group-is-layout-flow\">\n<p class=\"has-text-color\" style=\"color:#0071a1;font-size:23px\"><strong>C\u00f4t\u00e9 Pratique : <\/strong><\/p>\n\n\n\n<p class=\"has-text-color has-medium-font-size\" style=\"color:#0071a1\">Une s\u00e9ance de kin\u00e9siologie est toujours personnalis\u00e9e et donc unique. Cependant, elle comporte plusieurs \u00e9tapes incontournables, quelle que soit l\u2019approche corrective utilis\u00e9e :<\/p>\n\n\n\n<div class=\"wp-block-group has-text-color\" style=\"color:#0071a1\"><div class=\"wp-block-group__inner-container is-layout-constrained wp-block-group-is-layout-constrained\">\n<ul class=\"wp-block-list has-medium-font-size\">\n<li>Apr\u00e8s un temps de partage pour faire connaissance et \u00e9voquer les probl\u00e9matiques qui vous ont amen\u00e9(e) \u00e0 consulter, nous d\u00e9finissons ensemble un <strong>objectif de s\u00e9ance<\/strong>.<\/li>\n<\/ul>\n\n\n\n<ul class=\"wp-block-list has-medium-font-size\">\n<li>Mise en place du <strong>test musculaire<\/strong> et choix de la <strong>technique <\/strong>la mieux adapt\u00e9e pour \u00e9quilibrer le corps vers l&rsquo;objectif.<\/li>\n<\/ul>\n\n\n\n<ul class=\"wp-block-list has-medium-font-size\">\n<li>La phase <strong>d\u2019\u00e9quilibration <\/strong>constitue le c\u0153ur de la s\u00e9ance et d\u00e9pend de la technique utilis\u00e9e, chaque technique ayant son propre protocole.<\/li>\n<\/ul>\n\n\n\n<ul class=\"wp-block-list has-medium-font-size\">\n<li>Il nous reste \u00e0 v\u00e9rifier si les corrections apport\u00e9es ont \u00e9t\u00e9 <strong>int\u00e9gr\u00e9es <\/strong>par le corps. <\/li>\n<\/ul>\n\n\n\n<ul class=\"wp-block-list has-medium-font-size\">\n<li>Enfin, nous choisissons ensemble une <strong>action corrective<\/strong> \u00e0 reproduire chez vous afin de prolonger le travail de la s\u00e9ance, si n\u00e9cessaire.<\/li>\n<\/ul>\n<\/div><\/div>\n\n\n\n<div style=\"height:20px\" aria-hidden=\"true\" class=\"wp-block-spacer\"><\/div>\n\n\n\n<hr class=\"wp-block-separator has-alpha-channel-opacity\"\/>\n\n\n\n<p class=\"has-text-color has-medium-font-size\" style=\"color:#0071a1\"><\/p>\n\n\n\n<div style=\"height:20px\" aria-hidden=\"true\" class=\"wp-block-spacer\"><\/div>\n\n\n\n<p class=\"has-text-color has-medium-font-size\" style=\"color:#0071a1\">Pendant votre s\u00e9ance, il se peut que je vous demande de rester debout ou de vous allonger sur ma table de soins, vous restez habill\u00e9(e).<\/p>\n\n\n\n<p class=\"has-text-color has-medium-font-size\" style=\"color:#0071a1\">Le temps d&rsquo;int\u00e9gration d&rsquo;une s\u00e9ance est de 3 semaines. En moyenne, 3 \u00e0 5 s\u00e9ances sont suffisantes pour un objectif pr\u00e9cis. Si vous souhaitez travailler sur une probl\u00e9matique plus g\u00e9n\u00e9rale, un accompagnement approfondi peut \u00eatre n\u00e9cessaire.<\/p>\n\n\n\n<p class=\"has-text-color has-medium-font-size\" style=\"color:#0071a1\">S\u00e9ance adulte : 70\u20ac (dur\u00e9e moyenne 1h30), s\u00e9ance enfant de moins de 15 ans : 60\u20ac (dur\u00e9e moyenne 1h15)<\/p>\n\n\n\n<div style=\"height:61px\" aria-hidden=\"true\" class=\"wp-block-spacer\"><\/div>\n\n\n\n<div class=\"wp-block-buttons is-content-justification-center is-layout-flex wp-container-core-buttons-is-layout-16018d1d wp-block-buttons-is-layout-flex\">\n<div class=\"wp-block-button\"><a class=\"wp-block-button__link has-background wp-element-button\" href=\"http:\/\/sd-kinesiologie.fr\/?page_id=12\" style=\"background-color:#0071a1\">Prendre Rdv<\/a><\/div>\n<\/div>\n<\/div><\/div>\n\n\n\n<p class=\"has-text-color\" style=\"color:#0071a1;font-size:18px\"><\/p>\n\n\n\n<p><\/p>\n\n\n\n<p class=\"has-text-color\" style=\"color:#0071a1;font-size:18px\"><\/p>\n","protected":false},"excerpt":{"rendered":"<p>Quels que soient les d\u00e9fis que la vie vous pr\u00e9sente, vous avez en vous les ressources pour y faire face. Lorsqu&rsquo;une situation vous semble bloqu\u00e9e,&hellip;<a href=\"https:\/\/sd-kinesiologie.fr\/?page_id=778\" class=\"more-link\">Continue reading <span class=\"screen-reader-text\">Ma kin\u00e9siologie<\/span><\/a><\/p>\n","protected":false},"author":1,"featured_media":0,"parent":0,"menu_order":0,"comment_status":"closed","ping_status":"closed","template":"page_fullwidth.php","meta":{"footnotes":""},"class_list":["post-778","page","type-page","status-publish","hentry"],"yoast_head":"<!-- This site is optimized with the Yoast SEO plugin v26.9 - https:\/\/yoast.com\/product\/yoast-seo-wordpress\/ -->\n<title>Ma kin\u00e9siologie - SD-Kin\u00e9siologie &amp; Bien-\u00eatre<\/title>\n<meta name=\"description\" content=\"La kin\u00e9siologie permet de voir les choses sous un angle diff\u00e9rent, celui du subconscient. Et \u00e7a change tout !\" \/>\n<meta name=\"robots\" content=\"index, follow, max-snippet:-1, max-image-preview:large, max-video-preview:-1\" \/>\n<link rel=\"canonical\" href=\"http:\/\/sd-kinesiologie.fr\/?page_id=778\" \/>\n<meta property=\"og:locale\" content=\"fr_FR\" \/>\n<meta property=\"og:type\" content=\"article\" \/>\n<meta property=\"og:title\" content=\"Ma kin\u00e9siologie - SD-Kin\u00e9siologie &amp; Bien-\u00eatre\" \/>\n<meta property=\"og:description\" content=\"La kin\u00e9siologie permet de voir les choses sous un angle diff\u00e9rent, celui du subconscient. Et \u00e7a change tout !\" \/>\n<meta property=\"og:url\" content=\"http:\/\/sd-kinesiologie.fr\/?page_id=778\" \/>\n<meta property=\"og:site_name\" content=\"SD-Kin\u00e9siologie &amp; Bien-\u00eatre\" \/>\n<meta property=\"article:publisher\" content=\"https:\/\/www.facebook.com\/SDkinesiologie\" \/>\n<meta property=\"article:modified_time\" content=\"2026-04-12T18:39:53+00:00\" \/>\n<meta property=\"og:image\" content=\"http:\/\/sd-kinesiologie.fr\/wp-content\/uploads\/2022\/02\/6847127d31df18469fa9133bcd15f1a1.jpg\" \/>\n<meta name=\"twitter:card\" content=\"summary_large_image\" \/>\n<meta name=\"twitter:label1\" content=\"Dur\u00e9e de lecture estim\u00e9e\" \/>\n\t<meta name=\"twitter:data1\" content=\"3 minutes\" \/>\n<script type=\"application\/ld+json\" class=\"yoast-schema-graph\">{\"@context\":\"https:\/\/schema.org\",\"@graph\":[{\"@type\":\"WebPage\",\"@id\":\"http:\/\/sd-kinesiologie.fr\/?page_id=778\",\"url\":\"http:\/\/sd-kinesiologie.fr\/?page_id=778\",\"name\":\"Ma kin\u00e9siologie - SD-Kin\u00e9siologie &amp; Bien-\u00eatre\",\"isPartOf\":{\"@id\":\"http:\/\/sd-kinesiologie.fr\/#website\"},\"primaryImageOfPage\":{\"@id\":\"http:\/\/sd-kinesiologie.fr\/?page_id=778#primaryimage\"},\"image\":{\"@id\":\"http:\/\/sd-kinesiologie.fr\/?page_id=778#primaryimage\"},\"thumbnailUrl\":\"http:\/\/sd-kinesiologie.fr\/wp-content\/uploads\/2022\/02\/6847127d31df18469fa9133bcd15f1a1.jpg\",\"datePublished\":\"2022-02-21T15:30:40+00:00\",\"dateModified\":\"2026-04-12T18:39:53+00:00\",\"description\":\"La kin\u00e9siologie permet de voir les choses sous un angle diff\u00e9rent, celui du subconscient. Et \u00e7a change tout !\",\"breadcrumb\":{\"@id\":\"http:\/\/sd-kinesiologie.fr\/?page_id=778#breadcrumb\"},\"inLanguage\":\"fr-FR\",\"potentialAction\":[{\"@type\":\"ReadAction\",\"target\":[\"http:\/\/sd-kinesiologie.fr\/?page_id=778\"]}]},{\"@type\":\"ImageObject\",\"inLanguage\":\"fr-FR\",\"@id\":\"http:\/\/sd-kinesiologie.fr\/?page_id=778#primaryimage\",\"url\":\"https:\/\/i0.wp.com\/sd-kinesiologie.fr\/wp-content\/uploads\/2022\/02\/6847127d31df18469fa9133bcd15f1a1.jpg?fit=960%2C960&ssl=1\",\"contentUrl\":\"https:\/\/i0.wp.com\/sd-kinesiologie.fr\/wp-content\/uploads\/2022\/02\/6847127d31df18469fa9133bcd15f1a1.jpg?fit=960%2C960&ssl=1\",\"width\":960,\"height\":960},{\"@type\":\"BreadcrumbList\",\"@id\":\"http:\/\/sd-kinesiologie.fr\/?page_id=778#breadcrumb\",\"itemListElement\":[{\"@type\":\"ListItem\",\"position\":1,\"name\":\"Accueil\",\"item\":\"http:\/\/sd-kinesiologie.fr\/\"},{\"@type\":\"ListItem\",\"position\":2,\"name\":\"Ma kin\u00e9siologie\"}]},{\"@type\":\"WebSite\",\"@id\":\"http:\/\/sd-kinesiologie.fr\/#website\",\"url\":\"http:\/\/sd-kinesiologie.fr\/\",\"name\":\"SD-Kin\u00e9siologie &amp; Bien-\u00eatre\",\"description\":\"Tout est une question d&#039;\u00e9quilibre !\",\"publisher\":{\"@id\":\"http:\/\/sd-kinesiologie.fr\/#organization\"},\"potentialAction\":[{\"@type\":\"SearchAction\",\"target\":{\"@type\":\"EntryPoint\",\"urlTemplate\":\"http:\/\/sd-kinesiologie.fr\/?s={search_term_string}\"},\"query-input\":{\"@type\":\"PropertyValueSpecification\",\"valueRequired\":true,\"valueName\":\"search_term_string\"}}],\"inLanguage\":\"fr-FR\"},{\"@type\":\"Organization\",\"@id\":\"http:\/\/sd-kinesiologie.fr\/#organization\",\"name\":\"St\u00e9phanie Duval Kin\u00e9siologie & Bien-\u00eatre\",\"url\":\"http:\/\/sd-kinesiologie.fr\/\",\"logo\":{\"@type\":\"ImageObject\",\"inLanguage\":\"fr-FR\",\"@id\":\"http:\/\/sd-kinesiologie.fr\/#\/schema\/logo\/image\/\",\"url\":\"https:\/\/i0.wp.com\/sd-kinesiologie.fr\/wp-content\/uploads\/2020\/04\/TEST1.png?fit=2187%2C2597&ssl=1\",\"contentUrl\":\"https:\/\/i0.wp.com\/sd-kinesiologie.fr\/wp-content\/uploads\/2020\/04\/TEST1.png?fit=2187%2C2597&ssl=1\",\"width\":2187,\"height\":2597,\"caption\":\"St\u00e9phanie Duval Kin\u00e9siologie & Bien-\u00eatre\"},\"image\":{\"@id\":\"http:\/\/sd-kinesiologie.fr\/#\/schema\/logo\/image\/\"},\"sameAs\":[\"https:\/\/www.facebook.com\/SDkinesiologie\"]}]}<\/script>\n<!-- \/ Yoast SEO plugin. -->","yoast_head_json":{"title":"Ma kin\u00e9siologie - SD-Kin\u00e9siologie &amp; Bien-\u00eatre","description":"La kin\u00e9siologie permet de voir les choses sous un angle diff\u00e9rent, celui du subconscient. Et \u00e7a change tout !","robots":{"index":"index","follow":"follow","max-snippet":"max-snippet:-1","max-image-preview":"max-image-preview:large","max-video-preview":"max-video-preview:-1"},"canonical":"http:\/\/sd-kinesiologie.fr\/?page_id=778","og_locale":"fr_FR","og_type":"article","og_title":"Ma kin\u00e9siologie - SD-Kin\u00e9siologie &amp; Bien-\u00eatre","og_description":"La kin\u00e9siologie permet de voir les choses sous un angle diff\u00e9rent, celui du subconscient. Et \u00e7a change tout !","og_url":"http:\/\/sd-kinesiologie.fr\/?page_id=778","og_site_name":"SD-Kin\u00e9siologie &amp; Bien-\u00eatre","article_publisher":"https:\/\/www.facebook.com\/SDkinesiologie","article_modified_time":"2026-04-12T18:39:53+00:00","og_image":[{"url":"http:\/\/sd-kinesiologie.fr\/wp-content\/uploads\/2022\/02\/6847127d31df18469fa9133bcd15f1a1.jpg","type":"","width":"","height":""}],"twitter_card":"summary_large_image","twitter_misc":{"Dur\u00e9e de lecture estim\u00e9e":"3 minutes"},"schema":{"@context":"https:\/\/schema.org","@graph":[{"@type":"WebPage","@id":"http:\/\/sd-kinesiologie.fr\/?page_id=778","url":"http:\/\/sd-kinesiologie.fr\/?page_id=778","name":"Ma kin\u00e9siologie - SD-Kin\u00e9siologie &amp; Bien-\u00eatre","isPartOf":{"@id":"http:\/\/sd-kinesiologie.fr\/#website"},"primaryImageOfPage":{"@id":"http:\/\/sd-kinesiologie.fr\/?page_id=778#primaryimage"},"image":{"@id":"http:\/\/sd-kinesiologie.fr\/?page_id=778#primaryimage"},"thumbnailUrl":"http:\/\/sd-kinesiologie.fr\/wp-content\/uploads\/2022\/02\/6847127d31df18469fa9133bcd15f1a1.jpg","datePublished":"2022-02-21T15:30:40+00:00","dateModified":"2026-04-12T18:39:53+00:00","description":"La kin\u00e9siologie permet de voir les choses sous un angle diff\u00e9rent, celui du subconscient. Et \u00e7a change tout !","breadcrumb":{"@id":"http:\/\/sd-kinesiologie.fr\/?page_id=778#breadcrumb"},"inLanguage":"fr-FR","potentialAction":[{"@type":"ReadAction","target":["http:\/\/sd-kinesiologie.fr\/?page_id=778"]}]},{"@type":"ImageObject","inLanguage":"fr-FR","@id":"http:\/\/sd-kinesiologie.fr\/?page_id=778#primaryimage","url":"https:\/\/i0.wp.com\/sd-kinesiologie.fr\/wp-content\/uploads\/2022\/02\/6847127d31df18469fa9133bcd15f1a1.jpg?fit=960%2C960&ssl=1","contentUrl":"https:\/\/i0.wp.com\/sd-kinesiologie.fr\/wp-content\/uploads\/2022\/02\/6847127d31df18469fa9133bcd15f1a1.jpg?fit=960%2C960&ssl=1","width":960,"height":960},{"@type":"BreadcrumbList","@id":"http:\/\/sd-kinesiologie.fr\/?page_id=778#breadcrumb","itemListElement":[{"@type":"ListItem","position":1,"name":"Accueil","item":"http:\/\/sd-kinesiologie.fr\/"},{"@type":"ListItem","position":2,"name":"Ma kin\u00e9siologie"}]},{"@type":"WebSite","@id":"http:\/\/sd-kinesiologie.fr\/#website","url":"http:\/\/sd-kinesiologie.fr\/","name":"SD-Kin\u00e9siologie &amp; Bien-\u00eatre","description":"Tout est une question d&#039;\u00e9quilibre !","publisher":{"@id":"http:\/\/sd-kinesiologie.fr\/#organization"},"potentialAction":[{"@type":"SearchAction","target":{"@type":"EntryPoint","urlTemplate":"http:\/\/sd-kinesiologie.fr\/?s={search_term_string}"},"query-input":{"@type":"PropertyValueSpecification","valueRequired":true,"valueName":"search_term_string"}}],"inLanguage":"fr-FR"},{"@type":"Organization","@id":"http:\/\/sd-kinesiologie.fr\/#organization","name":"St\u00e9phanie Duval Kin\u00e9siologie & Bien-\u00eatre","url":"http:\/\/sd-kinesiologie.fr\/","logo":{"@type":"ImageObject","inLanguage":"fr-FR","@id":"http:\/\/sd-kinesiologie.fr\/#\/schema\/logo\/image\/","url":"https:\/\/i0.wp.com\/sd-kinesiologie.fr\/wp-content\/uploads\/2020\/04\/TEST1.png?fit=2187%2C2597&ssl=1","contentUrl":"https:\/\/i0.wp.com\/sd-kinesiologie.fr\/wp-content\/uploads\/2020\/04\/TEST1.png?fit=2187%2C2597&ssl=1","width":2187,"height":2597,"caption":"St\u00e9phanie Duval Kin\u00e9siologie & Bien-\u00eatre"},"image":{"@id":"http:\/\/sd-kinesiologie.fr\/#\/schema\/logo\/image\/"},"sameAs":["https:\/\/www.facebook.com\/SDkinesiologie"]}]}},"jetpack_sharing_enabled":true,"_links":{"self":[{"href":"https:\/\/sd-kinesiologie.fr\/index.php?rest_route=\/wp\/v2\/pages\/778","targetHints":{"allow":["GET"]}}],"collection":[{"href":"https:\/\/sd-kinesiologie.fr\/index.php?rest_route=\/wp\/v2\/pages"}],"about":[{"href":"https:\/\/sd-kinesiologie.fr\/index.php?rest_route=\/wp\/v2\/types\/page"}],"author":[{"embeddable":true,"href":"https:\/\/sd-kinesiologie.fr\/index.php?rest_route=\/wp\/v2\/users\/1"}],"replies":[{"embeddable":true,"href":"https:\/\/sd-kinesiologie.fr\/index.php?rest_route=%2Fwp%2Fv2%2Fcomments&post=778"}],"version-history":[{"count":70,"href":"https:\/\/sd-kinesiologie.fr\/index.php?rest_route=\/wp\/v2\/pages\/778\/revisions"}],"predecessor-version":[{"id":1311,"href":"https:\/\/sd-kinesiologie.fr\/index.php?rest_route=\/wp\/v2\/pages\/778\/revisions\/1311"}],"wp:attachment":[{"href":"https:\/\/sd-kinesiologie.fr\/index.php?rest_route=%2Fwp%2Fv2%2Fmedia&parent=778"}],"curies":[{"name":"wp","href":"https:\/\/api.w.org\/{rel}","templated":true}]}}