{"id":151,"date":"2020-04-21T13:43:29","date_gmt":"2020-04-21T11:43:29","guid":{"rendered":"http:\/\/sd-kinesiologie.fr\/?page_id=151"},"modified":"2023-05-23T23:00:46","modified_gmt":"2023-05-23T21:00:46","slug":"ethique-et-deontologie","status":"publish","type":"page","link":"https:\/\/sd-kinesiologie.fr\/?page_id=151","title":{"rendered":"Ethique et D\u00e9ontologie"},"content":{"rendered":"\n<div class=\"wp-block-group\"><div class=\"wp-block-group__inner-container is-layout-flow wp-block-group-is-layout-flow\">\n<p class=\"has-text-color has-medium-font-size\" style=\"color:#0071a1\">La kin\u00e9siologie est un ensemble de techniques <strong>non m\u00e9dicales<\/strong> de gestion du stress et des \u00e9motions. Dans ce cadre,<strong> je m\u2019engage<\/strong> \u00e0 :<\/p>\n\n\n\n<div class=\"wp-block-group has-text-color\" style=\"color:#0071a1\"><div class=\"wp-block-group__inner-container is-layout-constrained wp-block-group-is-layout-constrained\">\n<ul class=\"wp-block-list\">\n<li class=\"has-medium-font-size\">n\u2019\u00e9tablir aucun diagnostic, ni aucune prescription,<\/li>\n\n\n\n<li class=\"has-medium-font-size\">ne jamais demander de suspendre un traitement m\u00e9dical ou un suivi psychologique,<\/li>\n\n\n\n<li class=\"has-medium-font-size\">encourager \u00e0 consulter un m\u00e9decin pour tout probl\u00e8me de sant\u00e9,<\/li>\n\n\n\n<li class=\"has-medium-font-size\">ne pas pr\u00e9senter la kin\u00e9siologie en des termes laissant croire \u00e0 une m\u00e9thode de gu\u00e9rison,<\/li>\n\n\n\n<li class=\"has-medium-font-size\">travailler dans le respect total de la personne, sans discrimination ni jugement,<\/li>\n\n\n\n<li class=\"has-medium-font-size\">respecter le secret professionnel dans les limites impos\u00e9es par la loi,<\/li>\n\n\n\n<li class=\"has-medium-font-size\">laisser le consultant libre de poursuivre le travail entrepris ou d\u2019y mettre un terme,<\/li>\n\n\n\n<li class=\"has-medium-font-size\">n\u2019imposer ni le nombre de s\u00e9ances, ni la fr\u00e9quence des rendez-vous,<\/li>\n\n\n\n<li class=\"has-medium-font-size\">ne recevoir d\u2019enfant mineur qu\u2019en pr\u00e9sence d\u2019un repr\u00e9sentant l\u00e9gal,<\/li>\n\n\n\n<li class=\"has-medium-font-size\">r\u00e9actualiser r\u00e9guli\u00e8rement mes comp\u00e9tences,<\/li>\n\n\n\n<li class=\"has-medium-font-size\">informer le consultant du co\u00fbt et de la dur\u00e9e d\u2019une s\u00e9ance d\u00e8s la prise de rendez-vous,<\/li>\n\n\n\n<li class=\"has-medium-font-size\">\u00eatre en r\u00e8gle avec la l\u00e9gislation fran\u00e7aise.<\/li>\n<\/ul>\n<\/div><\/div>\n<\/div><\/div>\n\n\n<div class=\"wp-block-image is-style-default\">\n<figure class=\"alignright size-medium\"><img data-recalc-dims=\"1\" loading=\"lazy\" decoding=\"async\" width=\"300\" height=\"225\" src=\"https:\/\/i0.wp.com\/sd-kinesiologie.fr\/wp-content\/uploads\/2021\/04\/writing-hand-line-business-paper-brand-854899-pxhere.com_.jpg?resize=300%2C225\" alt=\"\" class=\"wp-image-538\" srcset=\"https:\/\/i0.wp.com\/sd-kinesiologie.fr\/wp-content\/uploads\/2021\/04\/writing-hand-line-business-paper-brand-854899-pxhere.com_-scaled.jpg?resize=300%2C225&amp;ssl=1 300w, https:\/\/i0.wp.com\/sd-kinesiologie.fr\/wp-content\/uploads\/2021\/04\/writing-hand-line-business-paper-brand-854899-pxhere.com_-scaled.jpg?resize=1024%2C768&amp;ssl=1 1024w, https:\/\/i0.wp.com\/sd-kinesiologie.fr\/wp-content\/uploads\/2021\/04\/writing-hand-line-business-paper-brand-854899-pxhere.com_-scaled.jpg?resize=768%2C576&amp;ssl=1 768w, https:\/\/i0.wp.com\/sd-kinesiologie.fr\/wp-content\/uploads\/2021\/04\/writing-hand-line-business-paper-brand-854899-pxhere.com_-scaled.jpg?resize=1536%2C1152&amp;ssl=1 1536w, https:\/\/i0.wp.com\/sd-kinesiologie.fr\/wp-content\/uploads\/2021\/04\/writing-hand-line-business-paper-brand-854899-pxhere.com_-scaled.jpg?resize=2048%2C1536&amp;ssl=1 2048w, https:\/\/i0.wp.com\/sd-kinesiologie.fr\/wp-content\/uploads\/2021\/04\/writing-hand-line-business-paper-brand-854899-pxhere.com_-scaled.jpg?resize=750%2C563&amp;ssl=1 750w\" sizes=\"auto, (max-width: 300px) 100vw, 300px\" \/><\/figure>\n<\/div>","protected":false},"excerpt":{"rendered":"<p>La kin\u00e9siologie est un ensemble de techniques non m\u00e9dicales de gestion du stress et des \u00e9motions. Dans ce cadre, je m\u2019engage \u00e0 :<\/p>\n","protected":false},"author":1,"featured_media":0,"parent":0,"menu_order":0,"comment_status":"closed","ping_status":"closed","template":"page_fullwidth.php","meta":{"footnotes":""},"class_list":["post-151","page","type-page","status-publish","hentry"],"yoast_head":"<!-- This site is optimized with the Yoast SEO plugin v26.9 - https:\/\/yoast.com\/product\/yoast-seo-wordpress\/ -->\n<title>Ethique et D\u00e9ontologie - SD-Kin\u00e9siologie &amp; Bien-\u00eatre<\/title>\n<meta name=\"robots\" content=\"index, follow, max-snippet:-1, max-image-preview:large, max-video-preview:-1\" \/>\n<link rel=\"canonical\" href=\"https:\/\/sd-kinesiologie.fr\/?page_id=151\" \/>\n<meta property=\"og:locale\" content=\"fr_FR\" \/>\n<meta property=\"og:type\" content=\"article\" \/>\n<meta property=\"og:title\" content=\"Ethique et D\u00e9ontologie - SD-Kin\u00e9siologie &amp; Bien-\u00eatre\" \/>\n<meta property=\"og:description\" content=\"La kin\u00e9siologie est un ensemble de techniques non m\u00e9dicales de gestion du stress et des \u00e9motions. Dans ce cadre, je m\u2019engage \u00e0 :\" \/>\n<meta property=\"og:url\" content=\"https:\/\/sd-kinesiologie.fr\/?page_id=151\" \/>\n<meta property=\"og:site_name\" content=\"SD-Kin\u00e9siologie &amp; Bien-\u00eatre\" \/>\n<meta property=\"article:publisher\" content=\"https:\/\/www.facebook.com\/SDkinesiologie\" \/>\n<meta property=\"article:modified_time\" content=\"2023-05-23T21:00:46+00:00\" \/>\n<meta property=\"og:image\" content=\"http:\/\/sd-kinesiologie.fr\/wp-content\/uploads\/2021\/04\/writing-hand-line-business-paper-brand-854899-pxhere.com_-300x225.jpg\" \/>\n<meta name=\"twitter:card\" content=\"summary_large_image\" \/>\n<meta name=\"twitter:label1\" content=\"Dur\u00e9e de lecture estim\u00e9e\" \/>\n\t<meta name=\"twitter:data1\" content=\"1 minute\" \/>\n<script type=\"application\/ld+json\" class=\"yoast-schema-graph\">{\"@context\":\"https:\/\/schema.org\",\"@graph\":[{\"@type\":\"WebPage\",\"@id\":\"https:\/\/sd-kinesiologie.fr\/?page_id=151\",\"url\":\"https:\/\/sd-kinesiologie.fr\/?page_id=151\",\"name\":\"Ethique et D\u00e9ontologie - SD-Kin\u00e9siologie &amp; Bien-\u00eatre\",\"isPartOf\":{\"@id\":\"http:\/\/sd-kinesiologie.fr\/#website\"},\"primaryImageOfPage\":{\"@id\":\"https:\/\/sd-kinesiologie.fr\/?page_id=151#primaryimage\"},\"image\":{\"@id\":\"https:\/\/sd-kinesiologie.fr\/?page_id=151#primaryimage\"},\"thumbnailUrl\":\"http:\/\/sd-kinesiologie.fr\/wp-content\/uploads\/2021\/04\/writing-hand-line-business-paper-brand-854899-pxhere.com_-300x225.jpg\",\"datePublished\":\"2020-04-21T11:43:29+00:00\",\"dateModified\":\"2023-05-23T21:00:46+00:00\",\"breadcrumb\":{\"@id\":\"https:\/\/sd-kinesiologie.fr\/?page_id=151#breadcrumb\"},\"inLanguage\":\"fr-FR\",\"potentialAction\":[{\"@type\":\"ReadAction\",\"target\":[\"https:\/\/sd-kinesiologie.fr\/?page_id=151\"]}]},{\"@type\":\"ImageObject\",\"inLanguage\":\"fr-FR\",\"@id\":\"https:\/\/sd-kinesiologie.fr\/?page_id=151#primaryimage\",\"url\":\"https:\/\/i0.wp.com\/sd-kinesiologie.fr\/wp-content\/uploads\/2021\/04\/writing-hand-line-business-paper-brand-854899-pxhere.com_-scaled.jpg?fit=2560%2C1920&ssl=1\",\"contentUrl\":\"https:\/\/i0.wp.com\/sd-kinesiologie.fr\/wp-content\/uploads\/2021\/04\/writing-hand-line-business-paper-brand-854899-pxhere.com_-scaled.jpg?fit=2560%2C1920&ssl=1\",\"width\":2560,\"height\":1920},{\"@type\":\"BreadcrumbList\",\"@id\":\"https:\/\/sd-kinesiologie.fr\/?page_id=151#breadcrumb\",\"itemListElement\":[{\"@type\":\"ListItem\",\"position\":1,\"name\":\"Accueil\",\"item\":\"http:\/\/sd-kinesiologie.fr\/\"},{\"@type\":\"ListItem\",\"position\":2,\"name\":\"Ethique et D\u00e9ontologie\"}]},{\"@type\":\"WebSite\",\"@id\":\"http:\/\/sd-kinesiologie.fr\/#website\",\"url\":\"http:\/\/sd-kinesiologie.fr\/\",\"name\":\"SD-Kin\u00e9siologie &amp; Bien-\u00eatre\",\"description\":\"Tout est une question d&#039;\u00e9quilibre !\",\"publisher\":{\"@id\":\"http:\/\/sd-kinesiologie.fr\/#organization\"},\"potentialAction\":[{\"@type\":\"SearchAction\",\"target\":{\"@type\":\"EntryPoint\",\"urlTemplate\":\"http:\/\/sd-kinesiologie.fr\/?s={search_term_string}\"},\"query-input\":{\"@type\":\"PropertyValueSpecification\",\"valueRequired\":true,\"valueName\":\"search_term_string\"}}],\"inLanguage\":\"fr-FR\"},{\"@type\":\"Organization\",\"@id\":\"http:\/\/sd-kinesiologie.fr\/#organization\",\"name\":\"St\u00e9phanie Duval Kin\u00e9siologie & Bien-\u00eatre\",\"url\":\"http:\/\/sd-kinesiologie.fr\/\",\"logo\":{\"@type\":\"ImageObject\",\"inLanguage\":\"fr-FR\",\"@id\":\"http:\/\/sd-kinesiologie.fr\/#\/schema\/logo\/image\/\",\"url\":\"https:\/\/i0.wp.com\/sd-kinesiologie.fr\/wp-content\/uploads\/2020\/04\/TEST1.png?fit=2187%2C2597&ssl=1\",\"contentUrl\":\"https:\/\/i0.wp.com\/sd-kinesiologie.fr\/wp-content\/uploads\/2020\/04\/TEST1.png?fit=2187%2C2597&ssl=1\",\"width\":2187,\"height\":2597,\"caption\":\"St\u00e9phanie Duval Kin\u00e9siologie & Bien-\u00eatre\"},\"image\":{\"@id\":\"http:\/\/sd-kinesiologie.fr\/#\/schema\/logo\/image\/\"},\"sameAs\":[\"https:\/\/www.facebook.com\/SDkinesiologie\"]}]}<\/script>\n<!-- \/ Yoast SEO plugin. -->","yoast_head_json":{"title":"Ethique et D\u00e9ontologie - SD-Kin\u00e9siologie &amp; Bien-\u00eatre","robots":{"index":"index","follow":"follow","max-snippet":"max-snippet:-1","max-image-preview":"max-image-preview:large","max-video-preview":"max-video-preview:-1"},"canonical":"https:\/\/sd-kinesiologie.fr\/?page_id=151","og_locale":"fr_FR","og_type":"article","og_title":"Ethique et D\u00e9ontologie - SD-Kin\u00e9siologie &amp; Bien-\u00eatre","og_description":"La kin\u00e9siologie est un ensemble de techniques non m\u00e9dicales de gestion du stress et des \u00e9motions. Dans ce cadre, je m\u2019engage \u00e0 :","og_url":"https:\/\/sd-kinesiologie.fr\/?page_id=151","og_site_name":"SD-Kin\u00e9siologie &amp; Bien-\u00eatre","article_publisher":"https:\/\/www.facebook.com\/SDkinesiologie","article_modified_time":"2023-05-23T21:00:46+00:00","og_image":[{"url":"http:\/\/sd-kinesiologie.fr\/wp-content\/uploads\/2021\/04\/writing-hand-line-business-paper-brand-854899-pxhere.com_-300x225.jpg","type":"","width":"","height":""}],"twitter_card":"summary_large_image","twitter_misc":{"Dur\u00e9e de lecture estim\u00e9e":"1 minute"},"schema":{"@context":"https:\/\/schema.org","@graph":[{"@type":"WebPage","@id":"https:\/\/sd-kinesiologie.fr\/?page_id=151","url":"https:\/\/sd-kinesiologie.fr\/?page_id=151","name":"Ethique et D\u00e9ontologie - SD-Kin\u00e9siologie &amp; Bien-\u00eatre","isPartOf":{"@id":"http:\/\/sd-kinesiologie.fr\/#website"},"primaryImageOfPage":{"@id":"https:\/\/sd-kinesiologie.fr\/?page_id=151#primaryimage"},"image":{"@id":"https:\/\/sd-kinesiologie.fr\/?page_id=151#primaryimage"},"thumbnailUrl":"http:\/\/sd-kinesiologie.fr\/wp-content\/uploads\/2021\/04\/writing-hand-line-business-paper-brand-854899-pxhere.com_-300x225.jpg","datePublished":"2020-04-21T11:43:29+00:00","dateModified":"2023-05-23T21:00:46+00:00","breadcrumb":{"@id":"https:\/\/sd-kinesiologie.fr\/?page_id=151#breadcrumb"},"inLanguage":"fr-FR","potentialAction":[{"@type":"ReadAction","target":["https:\/\/sd-kinesiologie.fr\/?page_id=151"]}]},{"@type":"ImageObject","inLanguage":"fr-FR","@id":"https:\/\/sd-kinesiologie.fr\/?page_id=151#primaryimage","url":"https:\/\/i0.wp.com\/sd-kinesiologie.fr\/wp-content\/uploads\/2021\/04\/writing-hand-line-business-paper-brand-854899-pxhere.com_-scaled.jpg?fit=2560%2C1920&ssl=1","contentUrl":"https:\/\/i0.wp.com\/sd-kinesiologie.fr\/wp-content\/uploads\/2021\/04\/writing-hand-line-business-paper-brand-854899-pxhere.com_-scaled.jpg?fit=2560%2C1920&ssl=1","width":2560,"height":1920},{"@type":"BreadcrumbList","@id":"https:\/\/sd-kinesiologie.fr\/?page_id=151#breadcrumb","itemListElement":[{"@type":"ListItem","position":1,"name":"Accueil","item":"http:\/\/sd-kinesiologie.fr\/"},{"@type":"ListItem","position":2,"name":"Ethique et D\u00e9ontologie"}]},{"@type":"WebSite","@id":"http:\/\/sd-kinesiologie.fr\/#website","url":"http:\/\/sd-kinesiologie.fr\/","name":"SD-Kin\u00e9siologie &amp; Bien-\u00eatre","description":"Tout est une question d&#039;\u00e9quilibre !","publisher":{"@id":"http:\/\/sd-kinesiologie.fr\/#organization"},"potentialAction":[{"@type":"SearchAction","target":{"@type":"EntryPoint","urlTemplate":"http:\/\/sd-kinesiologie.fr\/?s={search_term_string}"},"query-input":{"@type":"PropertyValueSpecification","valueRequired":true,"valueName":"search_term_string"}}],"inLanguage":"fr-FR"},{"@type":"Organization","@id":"http:\/\/sd-kinesiologie.fr\/#organization","name":"St\u00e9phanie Duval Kin\u00e9siologie & Bien-\u00eatre","url":"http:\/\/sd-kinesiologie.fr\/","logo":{"@type":"ImageObject","inLanguage":"fr-FR","@id":"http:\/\/sd-kinesiologie.fr\/#\/schema\/logo\/image\/","url":"https:\/\/i0.wp.com\/sd-kinesiologie.fr\/wp-content\/uploads\/2020\/04\/TEST1.png?fit=2187%2C2597&ssl=1","contentUrl":"https:\/\/i0.wp.com\/sd-kinesiologie.fr\/wp-content\/uploads\/2020\/04\/TEST1.png?fit=2187%2C2597&ssl=1","width":2187,"height":2597,"caption":"St\u00e9phanie Duval Kin\u00e9siologie & Bien-\u00eatre"},"image":{"@id":"http:\/\/sd-kinesiologie.fr\/#\/schema\/logo\/image\/"},"sameAs":["https:\/\/www.facebook.com\/SDkinesiologie"]}]}},"jetpack_sharing_enabled":true,"_links":{"self":[{"href":"https:\/\/sd-kinesiologie.fr\/index.php?rest_route=\/wp\/v2\/pages\/151","targetHints":{"allow":["GET"]}}],"collection":[{"href":"https:\/\/sd-kinesiologie.fr\/index.php?rest_route=\/wp\/v2\/pages"}],"about":[{"href":"https:\/\/sd-kinesiologie.fr\/index.php?rest_route=\/wp\/v2\/types\/page"}],"author":[{"embeddable":true,"href":"https:\/\/sd-kinesiologie.fr\/index.php?rest_route=\/wp\/v2\/users\/1"}],"replies":[{"embeddable":true,"href":"https:\/\/sd-kinesiologie.fr\/index.php?rest_route=%2Fwp%2Fv2%2Fcomments&post=151"}],"version-history":[{"count":12,"href":"https:\/\/sd-kinesiologie.fr\/index.php?rest_route=\/wp\/v2\/pages\/151\/revisions"}],"predecessor-version":[{"id":1062,"href":"https:\/\/sd-kinesiologie.fr\/index.php?rest_route=\/wp\/v2\/pages\/151\/revisions\/1062"}],"wp:attachment":[{"href":"https:\/\/sd-kinesiologie.fr\/index.php?rest_route=%2Fwp%2Fv2%2Fmedia&parent=151"}],"curies":[{"name":"wp","href":"https:\/\/api.w.org\/{rel}","templated":true}]}}