{"id":12,"date":"2020-04-08T16:38:00","date_gmt":"2020-04-08T14:38:00","guid":{"rendered":"http:\/\/sd-kinesiologie.fr\/?page_id=12"},"modified":"2026-04-12T21:02:23","modified_gmt":"2026-04-12T19:02:23","slug":"une-section-de-page-daccueil","status":"publish","type":"page","link":"https:\/\/sd-kinesiologie.fr\/?page_id=12","title":{"rendered":"Mes Infos"},"content":{"rendered":"\n<p><\/p>\n\n\n\n<div style=\"height:36px\" aria-hidden=\"true\" class=\"wp-block-spacer\"><\/div>\n\n\n\n<p class=\"has-text-align-center has-text-color has-large-font-size\" style=\"color:#0071a1\"><strong>Consultations sur rendez-vous<\/strong><\/p>\n\n\n\n<p class=\"has-text-align-center has-text-color has-medium-font-size\" style=\"color:#0071a1\">par t\u00e9l\u00e9phone au <strong><a href=\"tel:+33602715376\">06.02.71.53.76<\/a><\/strong> <\/p>\n\n\n\n<p class=\"has-text-align-center has-text-color has-medium-font-size\" style=\"color:#0071a1\">Par @mail : <a href=\"mailto:stephanie.duval@sd-kinesiologie.fr\"><strong>stephanie.duval@sd-kinesiologie.fr<\/strong><\/a><\/p>\n\n\n\n<div style=\"height:52px\" aria-hidden=\"true\" class=\"wp-block-spacer\"><\/div>\n\n\n\n<p class=\"has-text-color has-medium-font-size\" style=\"color:#0071a1\">Je vous re\u00e7ois au <strong>1 impasse de l&rsquo;Albatros, 44830 Brains, <\/strong>dans le calme et la tranquillit\u00e9 de mon habitation.<\/p>\n\n\n\n<div class=\"wp-block-columns is-layout-flex wp-container-core-columns-is-layout-9d6595d7 wp-block-columns-is-layout-flex\">\n<div class=\"wp-block-column is-layout-flow wp-block-column-is-layout-flow\" style=\"flex-basis:25%\"><\/div>\n\n\n\n<div class=\"wp-block-column is-vertically-aligned-center has-white-color has-white-background-color has-text-color has-background is-layout-flow wp-block-column-is-layout-flow\" style=\"flex-basis:50%\">\n<ul class=\"wp-block-list\">\n<li class=\"has-text-color has-link-color has-medium-font-size wp-elements-961ff5a9c90bf0b6ba49d383a53795c5\" style=\"color:#0071a1\">du lundi au vendredi de <strong>9H <\/strong>\u00e0 <strong>20H<\/strong><\/li>\n\n\n\n<li class=\"has-text-color has-link-color has-medium-font-size wp-elements-cf0d6c47f188a42854134c0070b7d8c3\" style=\"color:#0071a1\">le samedi de <strong>10H <\/strong>\u00e0 <strong>18H<\/strong> (sur demande)<\/li>\n<\/ul>\n<\/div>\n\n\n\n<div class=\"wp-block-column is-layout-flow wp-block-column-is-layout-flow\" style=\"flex-basis:25%\"><\/div>\n<\/div>\n\n\n\n<p class=\"has-text-color\" style=\"color:#0071a1;font-size:20px\">Les r\u00e8glements s&rsquo;effectuent en ch\u00e8que ou en esp\u00e8ce.<\/p>\n\n\n\n<div style=\"height:35px\" aria-hidden=\"true\" class=\"wp-block-spacer\"><\/div>\n\n\n\n<div class=\"wp-block-group has-4-d-5055-color has-ffffff-background-color has-text-color has-background\"><div class=\"wp-block-group__inner-container is-layout-flow wp-block-group-is-layout-flow\">\n<div class=\"wp-block-group\"><div class=\"wp-block-group__inner-container is-layout-flow wp-block-group-is-layout-flow\">\n<div class=\"wp-block-columns is-layout-flex wp-container-core-columns-is-layout-9d6595d7 wp-block-columns-is-layout-flex\">\n<div class=\"wp-block-column is-layout-flow wp-block-column-is-layout-flow\" style=\"flex-basis:100%\">\n<div class=\"wp-block-columns alignfull has-text-color has-background is-layout-flex wp-container-core-columns-is-layout-9d6595d7 wp-block-columns-is-layout-flex\" style=\"color:#000000;background-color:#ffffff\">\n<div class=\"wp-block-column has-background is-layout-flow wp-block-column-is-layout-flow\" style=\"background-color:#e3f2f8\">\n<p class=\"has-text-align-center has-text-color has-medium-font-size\" style=\"color:#0071a1\"><strong>Kin\u00e9siologie Adulte<\/strong><\/p>\n\n\n\n<p class=\"has-text-align-center has-text-color has-medium-font-size\" style=\"color:#0071a1\"><strong>70\u20ac<\/strong><\/p>\n\n\n\n<p class=\"has-text-align-center has-text-color has-normal-font-size\" style=\"color:#0071a1\">(dur\u00e9e 1h30) <\/p>\n\n\n\n<p class=\"has-text-align-center has-text-color has-normal-font-size\" style=\"color:#0071a1\">(15 ans et +)<\/p>\n<\/div>\n\n\n\n<div class=\"wp-block-column has-background is-layout-flow wp-block-column-is-layout-flow\" style=\"background-color:#e3f2f8\">\n<p class=\"has-text-align-center has-text-color has-medium-font-size\" style=\"color:#0071a1\"><strong>Kin\u00e9siologie Enfant<\/strong><\/p>\n\n\n\n<p class=\"has-text-align-center has-text-color has-medium-font-size\" style=\"color:#0071a1\"><strong>60\u20ac<\/strong><\/p>\n\n\n\n<p class=\"has-text-align-center has-text-color has-normal-font-size\" style=\"color:#0071a1\">(dur\u00e9e 1h15) <\/p>\n\n\n\n<p class=\"has-text-align-center has-text-color has-normal-font-size\" style=\"color:#0071a1\">(- 15 ans)<\/p>\n<\/div>\n<\/div>\n<\/div>\n<\/div>\n\n\n\n<div class=\"wp-block-columns alignfull has-white-background-color has-text-color has-background is-layout-flex wp-container-core-columns-is-layout-9d6595d7 wp-block-columns-is-layout-flex\" style=\"color:#000000\">\n<div class=\"wp-block-column has-background is-layout-flow wp-block-column-is-layout-flow\" style=\"background-color:#f8e2f7\">\n<p class=\"has-text-align-center has-text-color has-medium-font-size\" style=\"color:#cc1c85\"><strong><strong>Massage \u00e9nerg\u00e9tique Intuitif <\/strong><\/strong><\/p>\n\n\n\n<p class=\"has-text-align-center has-text-color has-medium-font-size\" style=\"color:#cc1c85\"><strong>1h<\/strong> <\/p>\n\n\n\n<p class=\"has-text-align-center has-text-color has-medium-font-size\" style=\"color:#cc1c85\"><strong>70\u20ac  <\/strong><\/p>\n\n\n\n<p class=\"has-text-align-center has-text-color has-normal-font-size\" style=\"color:#cc1c85\">(dur\u00e9e totale 1h30)<\/p>\n\n\n\n<p class=\"has-text-align-center has-text-color has-normal-font-size\" style=\"color:#cc1c85\">R\u00e9serv\u00e9 aux femmes<\/p>\n<\/div>\n\n\n\n<div class=\"wp-block-column has-background is-layout-flow wp-block-column-is-layout-flow\" style=\"background-color:#f8e2f7\">\n<p class=\"has-text-align-center has-text-color has-medium-font-size\" style=\"color:#cc1c85\"><strong>Massage \u00e9nerg\u00e9tique Global <\/strong><\/p>\n\n\n\n<p class=\"has-text-align-center has-text-color has-medium-font-size\" style=\"color:#cc1c85\"><strong>1h30<\/strong><\/p>\n\n\n\n<p class=\"has-text-align-center has-text-color has-medium-font-size\" style=\"color:#cc1c85\"><strong>95\u20ac <\/strong><\/p>\n\n\n\n<p class=\"has-text-align-center has-text-color has-normal-font-size\" style=\"color:#cc1c85\">(dur\u00e9e totale 2h)<\/p>\n\n\n\n<p class=\"has-text-align-center has-text-color has-normal-font-size\" style=\"color:#cc1c85\">R\u00e9serv\u00e9 aux femmes<\/p>\n<\/div>\n<\/div>\n<\/div><\/div>\n<\/div><\/div>\n\n\n\n<p class=\"has-text-color has-medium-font-size\" style=\"color:#0071a1\"><\/p>\n\n\n\n<p><\/p>\n","protected":false},"excerpt":{"rendered":"<p>Consultations sur rendez-vous par t\u00e9l\u00e9phone au 06.02.71.53.76 Par @mail : stephanie.duval@sd-kinesiologie.fr Je vous re\u00e7ois au 1 impasse de l&rsquo;Albatros, 44830 Brains, dans le calme et&hellip;<a href=\"https:\/\/sd-kinesiologie.fr\/?page_id=12\" class=\"more-link\">Continue reading <span class=\"screen-reader-text\">Mes Infos<\/span><\/a><\/p>\n","protected":false},"author":1,"featured_media":0,"parent":0,"menu_order":0,"comment_status":"closed","ping_status":"closed","template":"page_fullwidth.php","meta":{"footnotes":""},"class_list":["post-12","page","type-page","status-publish","hentry"],"yoast_head":"<!-- This site is optimized with the Yoast SEO plugin v26.9 - https:\/\/yoast.com\/product\/yoast-seo-wordpress\/ -->\n<title>Mes Infos - SD-Kin\u00e9siologie &amp; Bien-\u00eatre<\/title>\n<meta name=\"robots\" content=\"index, follow, max-snippet:-1, max-image-preview:large, max-video-preview:-1\" \/>\n<link rel=\"canonical\" href=\"https:\/\/sd-kinesiologie.fr\/?page_id=12\" \/>\n<meta property=\"og:locale\" content=\"fr_FR\" \/>\n<meta property=\"og:type\" content=\"article\" \/>\n<meta property=\"og:title\" content=\"Mes Infos - SD-Kin\u00e9siologie &amp; Bien-\u00eatre\" \/>\n<meta property=\"og:description\" content=\"Consultations sur rendez-vous par t\u00e9l\u00e9phone au 06.02.71.53.76 Par @mail : stephanie.duval@sd-kinesiologie.fr Je vous re\u00e7ois au 1 impasse de l&rsquo;Albatros, 44830 Brains, dans le calme et&hellip;Continue reading Mes Infos\" \/>\n<meta property=\"og:url\" content=\"https:\/\/sd-kinesiologie.fr\/?page_id=12\" \/>\n<meta property=\"og:site_name\" content=\"SD-Kin\u00e9siologie &amp; Bien-\u00eatre\" \/>\n<meta property=\"article:publisher\" content=\"https:\/\/www.facebook.com\/SDkinesiologie\" \/>\n<meta property=\"article:modified_time\" content=\"2026-04-12T19:02:23+00:00\" \/>\n<meta name=\"twitter:card\" content=\"summary_large_image\" \/>\n<meta name=\"twitter:label1\" content=\"Dur\u00e9e de lecture estim\u00e9e\" \/>\n\t<meta name=\"twitter:data1\" content=\"1 minute\" \/>\n<script type=\"application\/ld+json\" class=\"yoast-schema-graph\">{\"@context\":\"https:\/\/schema.org\",\"@graph\":[{\"@type\":\"WebPage\",\"@id\":\"https:\/\/sd-kinesiologie.fr\/?page_id=12\",\"url\":\"https:\/\/sd-kinesiologie.fr\/?page_id=12\",\"name\":\"Mes Infos - SD-Kin\u00e9siologie &amp; Bien-\u00eatre\",\"isPartOf\":{\"@id\":\"http:\/\/sd-kinesiologie.fr\/#website\"},\"datePublished\":\"2020-04-08T14:38:00+00:00\",\"dateModified\":\"2026-04-12T19:02:23+00:00\",\"breadcrumb\":{\"@id\":\"https:\/\/sd-kinesiologie.fr\/?page_id=12#breadcrumb\"},\"inLanguage\":\"fr-FR\",\"potentialAction\":[{\"@type\":\"ReadAction\",\"target\":[\"https:\/\/sd-kinesiologie.fr\/?page_id=12\"]}]},{\"@type\":\"BreadcrumbList\",\"@id\":\"https:\/\/sd-kinesiologie.fr\/?page_id=12#breadcrumb\",\"itemListElement\":[{\"@type\":\"ListItem\",\"position\":1,\"name\":\"Accueil\",\"item\":\"http:\/\/sd-kinesiologie.fr\/\"},{\"@type\":\"ListItem\",\"position\":2,\"name\":\"Mes Infos\"}]},{\"@type\":\"WebSite\",\"@id\":\"http:\/\/sd-kinesiologie.fr\/#website\",\"url\":\"http:\/\/sd-kinesiologie.fr\/\",\"name\":\"SD-Kin\u00e9siologie &amp; Bien-\u00eatre\",\"description\":\"Tout est une question d&#039;\u00e9quilibre !\",\"publisher\":{\"@id\":\"http:\/\/sd-kinesiologie.fr\/#organization\"},\"potentialAction\":[{\"@type\":\"SearchAction\",\"target\":{\"@type\":\"EntryPoint\",\"urlTemplate\":\"http:\/\/sd-kinesiologie.fr\/?s={search_term_string}\"},\"query-input\":{\"@type\":\"PropertyValueSpecification\",\"valueRequired\":true,\"valueName\":\"search_term_string\"}}],\"inLanguage\":\"fr-FR\"},{\"@type\":\"Organization\",\"@id\":\"http:\/\/sd-kinesiologie.fr\/#organization\",\"name\":\"St\u00e9phanie Duval Kin\u00e9siologie & Bien-\u00eatre\",\"url\":\"http:\/\/sd-kinesiologie.fr\/\",\"logo\":{\"@type\":\"ImageObject\",\"inLanguage\":\"fr-FR\",\"@id\":\"http:\/\/sd-kinesiologie.fr\/#\/schema\/logo\/image\/\",\"url\":\"https:\/\/i0.wp.com\/sd-kinesiologie.fr\/wp-content\/uploads\/2020\/04\/TEST1.png?fit=2187%2C2597&ssl=1\",\"contentUrl\":\"https:\/\/i0.wp.com\/sd-kinesiologie.fr\/wp-content\/uploads\/2020\/04\/TEST1.png?fit=2187%2C2597&ssl=1\",\"width\":2187,\"height\":2597,\"caption\":\"St\u00e9phanie Duval Kin\u00e9siologie & Bien-\u00eatre\"},\"image\":{\"@id\":\"http:\/\/sd-kinesiologie.fr\/#\/schema\/logo\/image\/\"},\"sameAs\":[\"https:\/\/www.facebook.com\/SDkinesiologie\"]}]}<\/script>\n<!-- \/ Yoast SEO plugin. -->","yoast_head_json":{"title":"Mes Infos - SD-Kin\u00e9siologie &amp; Bien-\u00eatre","robots":{"index":"index","follow":"follow","max-snippet":"max-snippet:-1","max-image-preview":"max-image-preview:large","max-video-preview":"max-video-preview:-1"},"canonical":"https:\/\/sd-kinesiologie.fr\/?page_id=12","og_locale":"fr_FR","og_type":"article","og_title":"Mes Infos - SD-Kin\u00e9siologie &amp; Bien-\u00eatre","og_description":"Consultations sur rendez-vous par t\u00e9l\u00e9phone au 06.02.71.53.76 Par @mail : stephanie.duval@sd-kinesiologie.fr Je vous re\u00e7ois au 1 impasse de l&rsquo;Albatros, 44830 Brains, dans le calme et&hellip;Continue reading Mes Infos","og_url":"https:\/\/sd-kinesiologie.fr\/?page_id=12","og_site_name":"SD-Kin\u00e9siologie &amp; Bien-\u00eatre","article_publisher":"https:\/\/www.facebook.com\/SDkinesiologie","article_modified_time":"2026-04-12T19:02:23+00:00","twitter_card":"summary_large_image","twitter_misc":{"Dur\u00e9e de lecture estim\u00e9e":"1 minute"},"schema":{"@context":"https:\/\/schema.org","@graph":[{"@type":"WebPage","@id":"https:\/\/sd-kinesiologie.fr\/?page_id=12","url":"https:\/\/sd-kinesiologie.fr\/?page_id=12","name":"Mes Infos - SD-Kin\u00e9siologie &amp; Bien-\u00eatre","isPartOf":{"@id":"http:\/\/sd-kinesiologie.fr\/#website"},"datePublished":"2020-04-08T14:38:00+00:00","dateModified":"2026-04-12T19:02:23+00:00","breadcrumb":{"@id":"https:\/\/sd-kinesiologie.fr\/?page_id=12#breadcrumb"},"inLanguage":"fr-FR","potentialAction":[{"@type":"ReadAction","target":["https:\/\/sd-kinesiologie.fr\/?page_id=12"]}]},{"@type":"BreadcrumbList","@id":"https:\/\/sd-kinesiologie.fr\/?page_id=12#breadcrumb","itemListElement":[{"@type":"ListItem","position":1,"name":"Accueil","item":"http:\/\/sd-kinesiologie.fr\/"},{"@type":"ListItem","position":2,"name":"Mes Infos"}]},{"@type":"WebSite","@id":"http:\/\/sd-kinesiologie.fr\/#website","url":"http:\/\/sd-kinesiologie.fr\/","name":"SD-Kin\u00e9siologie &amp; Bien-\u00eatre","description":"Tout est une question d&#039;\u00e9quilibre !","publisher":{"@id":"http:\/\/sd-kinesiologie.fr\/#organization"},"potentialAction":[{"@type":"SearchAction","target":{"@type":"EntryPoint","urlTemplate":"http:\/\/sd-kinesiologie.fr\/?s={search_term_string}"},"query-input":{"@type":"PropertyValueSpecification","valueRequired":true,"valueName":"search_term_string"}}],"inLanguage":"fr-FR"},{"@type":"Organization","@id":"http:\/\/sd-kinesiologie.fr\/#organization","name":"St\u00e9phanie Duval Kin\u00e9siologie & Bien-\u00eatre","url":"http:\/\/sd-kinesiologie.fr\/","logo":{"@type":"ImageObject","inLanguage":"fr-FR","@id":"http:\/\/sd-kinesiologie.fr\/#\/schema\/logo\/image\/","url":"https:\/\/i0.wp.com\/sd-kinesiologie.fr\/wp-content\/uploads\/2020\/04\/TEST1.png?fit=2187%2C2597&ssl=1","contentUrl":"https:\/\/i0.wp.com\/sd-kinesiologie.fr\/wp-content\/uploads\/2020\/04\/TEST1.png?fit=2187%2C2597&ssl=1","width":2187,"height":2597,"caption":"St\u00e9phanie Duval Kin\u00e9siologie & Bien-\u00eatre"},"image":{"@id":"http:\/\/sd-kinesiologie.fr\/#\/schema\/logo\/image\/"},"sameAs":["https:\/\/www.facebook.com\/SDkinesiologie"]}]}},"jetpack_sharing_enabled":true,"_links":{"self":[{"href":"https:\/\/sd-kinesiologie.fr\/index.php?rest_route=\/wp\/v2\/pages\/12","targetHints":{"allow":["GET"]}}],"collection":[{"href":"https:\/\/sd-kinesiologie.fr\/index.php?rest_route=\/wp\/v2\/pages"}],"about":[{"href":"https:\/\/sd-kinesiologie.fr\/index.php?rest_route=\/wp\/v2\/types\/page"}],"author":[{"embeddable":true,"href":"https:\/\/sd-kinesiologie.fr\/index.php?rest_route=\/wp\/v2\/users\/1"}],"replies":[{"embeddable":true,"href":"https:\/\/sd-kinesiologie.fr\/index.php?rest_route=%2Fwp%2Fv2%2Fcomments&post=12"}],"version-history":[{"count":41,"href":"https:\/\/sd-kinesiologie.fr\/index.php?rest_route=\/wp\/v2\/pages\/12\/revisions"}],"predecessor-version":[{"id":1314,"href":"https:\/\/sd-kinesiologie.fr\/index.php?rest_route=\/wp\/v2\/pages\/12\/revisions\/1314"}],"wp:attachment":[{"href":"https:\/\/sd-kinesiologie.fr\/index.php?rest_route=%2Fwp%2Fv2%2Fmedia&parent=12"}],"curies":[{"name":"wp","href":"https:\/\/api.w.org\/{rel}","templated":true}]}}