{"id":11,"date":"2019-12-22T16:38:39","date_gmt":"2019-12-22T15:38:39","guid":{"rendered":"http:\/\/sd-kinesiologie.fr\/?page_id=11"},"modified":"2021-03-18T19:32:53","modified_gmt":"2021-03-18T18:32:53","slug":"blog","status":"publish","type":"page","link":"http:\/\/sd-kinesiologie.fr\/?page_id=11","title":{"rendered":"Blog"},"content":{"rendered":"","protected":false},"excerpt":{"rendered":"","protected":false},"author":1,"featured_media":0,"parent":0,"menu_order":0,"comment_status":"closed","ping_status":"closed","template":"page_fullwidth.php","meta":{"footnotes":""},"class_list":["post-11","page","type-page","status-publish","hentry"],"yoast_head":"<!-- This site is optimized with the Yoast SEO plugin v26.9 - https:\/\/yoast.com\/product\/yoast-seo-wordpress\/ -->\n<title>Blog - SD-Kin\u00e9siologie &amp; Bien-\u00eatre<\/title>\n<meta name=\"robots\" content=\"index, follow, max-snippet:-1, max-image-preview:large, max-video-preview:-1\" \/>\n<link rel=\"canonical\" href=\"http:\/\/sd-kinesiologie.fr\/?page_id=11\" \/>\n<meta property=\"og:locale\" content=\"fr_FR\" \/>\n<meta property=\"og:type\" content=\"article\" \/>\n<meta property=\"og:title\" content=\"Blog - SD-Kin\u00e9siologie &amp; Bien-\u00eatre\" \/>\n<meta property=\"og:url\" content=\"http:\/\/sd-kinesiologie.fr\/?page_id=11\" \/>\n<meta property=\"og:site_name\" content=\"SD-Kin\u00e9siologie &amp; Bien-\u00eatre\" \/>\n<meta property=\"article:publisher\" content=\"https:\/\/www.facebook.com\/SDkinesiologie\" \/>\n<meta property=\"article:modified_time\" content=\"2021-03-18T18:32:53+00:00\" \/>\n<meta name=\"twitter:card\" content=\"summary_large_image\" \/>\n<script type=\"application\/ld+json\" class=\"yoast-schema-graph\">{\"@context\":\"https:\/\/schema.org\",\"@graph\":[{\"@type\":[\"WebPage\",\"CollectionPage\"],\"@id\":\"http:\/\/sd-kinesiologie.fr\/?page_id=11\",\"url\":\"http:\/\/sd-kinesiologie.fr\/?page_id=11\",\"name\":\"Blog - SD-Kin\u00e9siologie &amp; Bien-\u00eatre\",\"isPartOf\":{\"@id\":\"http:\/\/sd-kinesiologie.fr\/#website\"},\"datePublished\":\"2019-12-22T15:38:39+00:00\",\"dateModified\":\"2021-03-18T18:32:53+00:00\",\"breadcrumb\":{\"@id\":\"http:\/\/sd-kinesiologie.fr\/?page_id=11#breadcrumb\"},\"inLanguage\":\"fr-FR\"},{\"@type\":\"BreadcrumbList\",\"@id\":\"http:\/\/sd-kinesiologie.fr\/?page_id=11#breadcrumb\",\"itemListElement\":[{\"@type\":\"ListItem\",\"position\":1,\"name\":\"Accueil\",\"item\":\"http:\/\/sd-kinesiologie.fr\/\"},{\"@type\":\"ListItem\",\"position\":2,\"name\":\"Blog\"}]},{\"@type\":\"WebSite\",\"@id\":\"http:\/\/sd-kinesiologie.fr\/#website\",\"url\":\"http:\/\/sd-kinesiologie.fr\/\",\"name\":\"SD-Kin\u00e9siologie &amp; Bien-\u00eatre\",\"description\":\"Tout est une question d&#039;\u00e9quilibre !\",\"publisher\":{\"@id\":\"http:\/\/sd-kinesiologie.fr\/#organization\"},\"potentialAction\":[{\"@type\":\"SearchAction\",\"target\":{\"@type\":\"EntryPoint\",\"urlTemplate\":\"http:\/\/sd-kinesiologie.fr\/?s={search_term_string}\"},\"query-input\":{\"@type\":\"PropertyValueSpecification\",\"valueRequired\":true,\"valueName\":\"search_term_string\"}}],\"inLanguage\":\"fr-FR\"},{\"@type\":\"Organization\",\"@id\":\"http:\/\/sd-kinesiologie.fr\/#organization\",\"name\":\"St\u00e9phanie Duval Kin\u00e9siologie & Bien-\u00eatre\",\"url\":\"http:\/\/sd-kinesiologie.fr\/\",\"logo\":{\"@type\":\"ImageObject\",\"inLanguage\":\"fr-FR\",\"@id\":\"http:\/\/sd-kinesiologie.fr\/#\/schema\/logo\/image\/\",\"url\":\"https:\/\/i0.wp.com\/sd-kinesiologie.fr\/wp-content\/uploads\/2020\/04\/TEST1.png?fit=2187%2C2597\",\"contentUrl\":\"https:\/\/i0.wp.com\/sd-kinesiologie.fr\/wp-content\/uploads\/2020\/04\/TEST1.png?fit=2187%2C2597\",\"width\":2187,\"height\":2597,\"caption\":\"St\u00e9phanie Duval Kin\u00e9siologie & Bien-\u00eatre\"},\"image\":{\"@id\":\"http:\/\/sd-kinesiologie.fr\/#\/schema\/logo\/image\/\"},\"sameAs\":[\"https:\/\/www.facebook.com\/SDkinesiologie\"]}]}<\/script>\n<!-- \/ Yoast SEO plugin. -->","yoast_head_json":{"title":"Blog - SD-Kin\u00e9siologie &amp; Bien-\u00eatre","robots":{"index":"index","follow":"follow","max-snippet":"max-snippet:-1","max-image-preview":"max-image-preview:large","max-video-preview":"max-video-preview:-1"},"canonical":"http:\/\/sd-kinesiologie.fr\/?page_id=11","og_locale":"fr_FR","og_type":"article","og_title":"Blog - SD-Kin\u00e9siologie &amp; Bien-\u00eatre","og_url":"http:\/\/sd-kinesiologie.fr\/?page_id=11","og_site_name":"SD-Kin\u00e9siologie &amp; Bien-\u00eatre","article_publisher":"https:\/\/www.facebook.com\/SDkinesiologie","article_modified_time":"2021-03-18T18:32:53+00:00","twitter_card":"summary_large_image","schema":{"@context":"https:\/\/schema.org","@graph":[{"@type":["WebPage","CollectionPage"],"@id":"http:\/\/sd-kinesiologie.fr\/?page_id=11","url":"http:\/\/sd-kinesiologie.fr\/?page_id=11","name":"Blog - SD-Kin\u00e9siologie &amp; Bien-\u00eatre","isPartOf":{"@id":"http:\/\/sd-kinesiologie.fr\/#website"},"datePublished":"2019-12-22T15:38:39+00:00","dateModified":"2021-03-18T18:32:53+00:00","breadcrumb":{"@id":"http:\/\/sd-kinesiologie.fr\/?page_id=11#breadcrumb"},"inLanguage":"fr-FR"},{"@type":"BreadcrumbList","@id":"http:\/\/sd-kinesiologie.fr\/?page_id=11#breadcrumb","itemListElement":[{"@type":"ListItem","position":1,"name":"Accueil","item":"http:\/\/sd-kinesiologie.fr\/"},{"@type":"ListItem","position":2,"name":"Blog"}]},{"@type":"WebSite","@id":"http:\/\/sd-kinesiologie.fr\/#website","url":"http:\/\/sd-kinesiologie.fr\/","name":"SD-Kin\u00e9siologie &amp; Bien-\u00eatre","description":"Tout est une question d&#039;\u00e9quilibre !","publisher":{"@id":"http:\/\/sd-kinesiologie.fr\/#organization"},"potentialAction":[{"@type":"SearchAction","target":{"@type":"EntryPoint","urlTemplate":"http:\/\/sd-kinesiologie.fr\/?s={search_term_string}"},"query-input":{"@type":"PropertyValueSpecification","valueRequired":true,"valueName":"search_term_string"}}],"inLanguage":"fr-FR"},{"@type":"Organization","@id":"http:\/\/sd-kinesiologie.fr\/#organization","name":"St\u00e9phanie Duval Kin\u00e9siologie & Bien-\u00eatre","url":"http:\/\/sd-kinesiologie.fr\/","logo":{"@type":"ImageObject","inLanguage":"fr-FR","@id":"http:\/\/sd-kinesiologie.fr\/#\/schema\/logo\/image\/","url":"https:\/\/i0.wp.com\/sd-kinesiologie.fr\/wp-content\/uploads\/2020\/04\/TEST1.png?fit=2187%2C2597","contentUrl":"https:\/\/i0.wp.com\/sd-kinesiologie.fr\/wp-content\/uploads\/2020\/04\/TEST1.png?fit=2187%2C2597","width":2187,"height":2597,"caption":"St\u00e9phanie Duval Kin\u00e9siologie & Bien-\u00eatre"},"image":{"@id":"http:\/\/sd-kinesiologie.fr\/#\/schema\/logo\/image\/"},"sameAs":["https:\/\/www.facebook.com\/SDkinesiologie"]}]}},"jetpack_sharing_enabled":true,"_links":{"self":[{"href":"http:\/\/sd-kinesiologie.fr\/index.php?rest_route=\/wp\/v2\/pages\/11","targetHints":{"allow":["GET"]}}],"collection":[{"href":"http:\/\/sd-kinesiologie.fr\/index.php?rest_route=\/wp\/v2\/pages"}],"about":[{"href":"http:\/\/sd-kinesiologie.fr\/index.php?rest_route=\/wp\/v2\/types\/page"}],"author":[{"embeddable":true,"href":"http:\/\/sd-kinesiologie.fr\/index.php?rest_route=\/wp\/v2\/users\/1"}],"replies":[{"embeddable":true,"href":"http:\/\/sd-kinesiologie.fr\/index.php?rest_route=%2Fwp%2Fv2%2Fcomments&post=11"}],"version-history":[{"count":1,"href":"http:\/\/sd-kinesiologie.fr\/index.php?rest_route=\/wp\/v2\/pages\/11\/revisions"}],"predecessor-version":[{"id":17,"href":"http:\/\/sd-kinesiologie.fr\/index.php?rest_route=\/wp\/v2\/pages\/11\/revisions\/17"}],"wp:attachment":[{"href":"http:\/\/sd-kinesiologie.fr\/index.php?rest_route=%2Fwp%2Fv2%2Fmedia&parent=11"}],"curies":[{"name":"wp","href":"https:\/\/api.w.org\/{rel}","templated":true}]}}